{"id":282,"date":"2025-06-20T07:39:47","date_gmt":"2025-06-20T07:39:47","guid":{"rendered":"https:\/\/csaszardorka.hu\/?page_id=282"},"modified":"2025-06-23T07:12:22","modified_gmt":"2025-06-23T07:12:22","slug":"impresszum","status":"publish","type":"page","link":"https:\/\/csaszardorka.hu\/en\/impresszum\/","title":{"rendered":"Impressum"},"content":{"rendered":"<p>[et_pb_section fb_built=&#8221;1&#8243; _builder_version=&#8221;4.27.4&#8243; _module_preset=&#8221;default&#8221; global_colors_info=&#8221;{}&#8221;][et_pb_row _builder_version=&#8221;4.27.4&#8243; _module_preset=&#8221;default&#8221; custom_margin=&#8221;-60px|auto||auto||&#8221; global_colors_info=&#8221;{}&#8221;][et_pb_column type=&#8221;4_4&#8243; _builder_version=&#8221;4.27.4&#8243; _module_preset=&#8221;default&#8221; global_colors_info=&#8221;{}&#8221;][et_pb_heading title=&#8221;Impresszum&#8221; _builder_version=&#8221;4.27.4&#8243; _module_preset=&#8221;_initial&#8221; title_font=&#8221;Poppins|500|||||||&#8221; title_text_align=&#8221;center&#8221; title_font_size=&#8221;25px&#8221; title_line_height=&#8221;1.4em&#8221; title_font_size_tablet=&#8221;32px&#8221; title_font_size_phone=&#8221;22px&#8221; title_font_size_last_edited=&#8221;on|desktop&#8221; locked=&#8221;off&#8221; global_colors_info=&#8221;{}&#8221;][\/et_pb_heading][et_pb_text _builder_version=&#8221;4.27.4&#8243; _module_preset=&#8221;default&#8221; global_colors_info=&#8221;{}&#8221;]<\/p>\n<p><span><strong>C\u00e9gn\u00e9v<\/strong>: Cs\u00e1sz\u00e1r D\u00f3ra Egy\u00e9ni V\u00e1llalkoz\u00f3<\/span><\/p>\n<p><span><strong>C\u00edm<\/strong>: 1188 P\u00e9teri \u00fat 10\/a<\/span><\/p>\n<p><span><strong>Telefon<\/strong>: +36 70 326 2298<\/span><\/p>\n<p><span><strong>E-mail:<\/strong>\u00a0csaszardora@gmail.com<\/span><\/p>\n<p><span><strong>Weboldal<\/strong>: www.csaszardorka.hu<\/span><\/p>\n<p><span><strong>Nyilv\u00e1ntart\u00e1sban bejegyz\u0151 hat\u00f3s\u00e1g neve (c\u00e9gb\u00edr\u00f3s\u00e1g):<\/strong>\u00a0NAV<\/span><\/p>\n<p><span><strong>Nyilv\u00e1ntart\u00e1si sz\u00e1ma:<\/strong> 60495127<\/span><\/p>\n<p><span><strong>Ad\u00f3sz\u00e1m:<\/strong> 91107628-1-43<\/span><\/p>\n<p><span><strong>T\u00e1rhelyszolg\u00e1ltat\u00f3<\/strong>: Sybell Informatika Kft.<\/span><\/p>\n<p>[\/et_pb_text][\/et_pb_column][\/et_pb_row][\/et_pb_section]<\/p>","protected":false},"excerpt":{"rendered":"<p>C\u00e9gn\u00e9v: Cs\u00e1sz\u00e1r D\u00f3ra Egy\u00e9ni V\u00e1llalkoz\u00f3 C\u00edm: 1188 P\u00e9teri \u00fat 10\/a Telefon: +36 70 326 2298 E-mail:\u00a0csaszardora@gmail.com Weboldal: www.csaszardorka.hu Nyilv\u00e1ntart\u00e1sban bejegyz\u0151 hat\u00f3s\u00e1g neve (c\u00e9gb\u00edr\u00f3s\u00e1g):\u00a0NAV Nyilv\u00e1ntart\u00e1si sz\u00e1ma: 60495127 Ad\u00f3sz\u00e1m: 91107628-1-43 T\u00e1rhelyszolg\u00e1ltat\u00f3: Sybell Informatika Kft.<\/p>","protected":false},"author":1,"featured_media":0,"parent":0,"menu_order":0,"comment_status":"closed","ping_status":"closed","template":"","meta":{"_et_pb_use_builder":"on","_et_pb_old_content":"","_et_gb_content_width":"","footnotes":""},"class_list":["post-282","page","type-page","status-publish","hentry"],"yoast_head":"<!-- This site is optimized with the Yoast SEO plugin v25.3 - https:\/\/yoast.com\/wordpress\/plugins\/seo\/ -->\n<title>Impresszum - Cs\u00e1sz\u00e1r D\u00f3ra<\/title>\n<meta name=\"robots\" content=\"index, follow, max-snippet:-1, max-image-preview:large, max-video-preview:-1\" \/>\n<link rel=\"canonical\" href=\"https:\/\/csaszardorka.hu\/en\/impresszum\/\" \/>\n<meta property=\"og:locale\" content=\"en_GB\" \/>\n<meta property=\"og:type\" content=\"article\" \/>\n<meta property=\"og:title\" content=\"Impresszum - Cs\u00e1sz\u00e1r D\u00f3ra\" \/>\n<meta property=\"og:description\" content=\"C\u00e9gn\u00e9v: Cs\u00e1sz\u00e1r D\u00f3ra Egy\u00e9ni V\u00e1llalkoz\u00f3 C\u00edm: 1188 P\u00e9teri \u00fat 10\/a Telefon: +36 70 326 2298 E-mail:\u00a0csaszardora@gmail.com Weboldal: www.csaszardorka.hu Nyilv\u00e1ntart\u00e1sban bejegyz\u0151 hat\u00f3s\u00e1g neve (c\u00e9gb\u00edr\u00f3s\u00e1g):\u00a0NAV Nyilv\u00e1ntart\u00e1si sz\u00e1ma: 60495127 Ad\u00f3sz\u00e1m: 91107628-1-43 T\u00e1rhelyszolg\u00e1ltat\u00f3: Sybell Informatika Kft.\" \/>\n<meta property=\"og:url\" content=\"https:\/\/csaszardorka.hu\/en\/impresszum\/\" \/>\n<meta property=\"og:site_name\" content=\"Cs\u00e1sz\u00e1r D\u00f3ra\" \/>\n<meta property=\"article:modified_time\" content=\"2025-06-23T07:12:22+00:00\" \/>\n<meta name=\"twitter:card\" content=\"summary_large_image\" \/>\n<script type=\"application\/ld+json\" class=\"yoast-schema-graph\">{\"@context\":\"https:\/\/schema.org\",\"@graph\":[{\"@type\":\"WebPage\",\"@id\":\"https:\/\/csaszardorka.hu\/impresszum\/\",\"url\":\"https:\/\/csaszardorka.hu\/impresszum\/\",\"name\":\"Impresszum - Cs\u00e1sz\u00e1r D\u00f3ra\",\"isPartOf\":{\"@id\":\"https:\/\/csaszardorka.hu\/#website\"},\"datePublished\":\"2025-06-20T07:39:47+00:00\",\"dateModified\":\"2025-06-23T07:12:22+00:00\",\"breadcrumb\":{\"@id\":\"https:\/\/csaszardorka.hu\/impresszum\/#breadcrumb\"},\"inLanguage\":\"en-GB\",\"potentialAction\":[{\"@type\":\"ReadAction\",\"target\":[\"https:\/\/csaszardorka.hu\/impresszum\/\"]}]},{\"@type\":\"BreadcrumbList\",\"@id\":\"https:\/\/csaszardorka.hu\/impresszum\/#breadcrumb\",\"itemListElement\":[{\"@type\":\"ListItem\",\"position\":1,\"name\":\"Kezd\u0151lap\",\"item\":\"https:\/\/csaszardorka.hu\/\"},{\"@type\":\"ListItem\",\"position\":2,\"name\":\"Impresszum\"}]},{\"@type\":\"WebSite\",\"@id\":\"https:\/\/csaszardorka.hu\/#website\",\"url\":\"https:\/\/csaszardorka.hu\/\",\"name\":\"Cs\u00e1sz\u00e1r D\u00f3ra\",\"description\":\"Ipari konyh\u00e1k \u00e9s bels\u0151\u00e9p\u00edt\u00e9szet komplex tervez\u00e9se\",\"potentialAction\":[{\"@type\":\"SearchAction\",\"target\":{\"@type\":\"EntryPoint\",\"urlTemplate\":\"https:\/\/csaszardorka.hu\/?s={search_term_string}\"},\"query-input\":{\"@type\":\"PropertyValueSpecification\",\"valueRequired\":true,\"valueName\":\"search_term_string\"}}],\"inLanguage\":\"en-GB\"}]}<\/script>\n<!-- \/ Yoast SEO plugin. -->","yoast_head_json":{"title":"Impresszum - Cs\u00e1sz\u00e1r D\u00f3ra","robots":{"index":"index","follow":"follow","max-snippet":"max-snippet:-1","max-image-preview":"max-image-preview:large","max-video-preview":"max-video-preview:-1"},"canonical":"https:\/\/csaszardorka.hu\/en\/impresszum\/","og_locale":"en_GB","og_type":"article","og_title":"Impresszum - Cs\u00e1sz\u00e1r D\u00f3ra","og_description":"C\u00e9gn\u00e9v: Cs\u00e1sz\u00e1r D\u00f3ra Egy\u00e9ni V\u00e1llalkoz\u00f3 C\u00edm: 1188 P\u00e9teri \u00fat 10\/a Telefon: +36 70 326 2298 E-mail:\u00a0csaszardora@gmail.com Weboldal: www.csaszardorka.hu Nyilv\u00e1ntart\u00e1sban bejegyz\u0151 hat\u00f3s\u00e1g neve (c\u00e9gb\u00edr\u00f3s\u00e1g):\u00a0NAV Nyilv\u00e1ntart\u00e1si sz\u00e1ma: 60495127 Ad\u00f3sz\u00e1m: 91107628-1-43 T\u00e1rhelyszolg\u00e1ltat\u00f3: Sybell Informatika Kft.","og_url":"https:\/\/csaszardorka.hu\/en\/impresszum\/","og_site_name":"Cs\u00e1sz\u00e1r D\u00f3ra","article_modified_time":"2025-06-23T07:12:22+00:00","twitter_card":"summary_large_image","schema":{"@context":"https:\/\/schema.org","@graph":[{"@type":"WebPage","@id":"https:\/\/csaszardorka.hu\/impresszum\/","url":"https:\/\/csaszardorka.hu\/impresszum\/","name":"Impresszum - Cs\u00e1sz\u00e1r D\u00f3ra","isPartOf":{"@id":"https:\/\/csaszardorka.hu\/#website"},"datePublished":"2025-06-20T07:39:47+00:00","dateModified":"2025-06-23T07:12:22+00:00","breadcrumb":{"@id":"https:\/\/csaszardorka.hu\/impresszum\/#breadcrumb"},"inLanguage":"en-GB","potentialAction":[{"@type":"ReadAction","target":["https:\/\/csaszardorka.hu\/impresszum\/"]}]},{"@type":"BreadcrumbList","@id":"https:\/\/csaszardorka.hu\/impresszum\/#breadcrumb","itemListElement":[{"@type":"ListItem","position":1,"name":"Kezd\u0151lap","item":"https:\/\/csaszardorka.hu\/"},{"@type":"ListItem","position":2,"name":"Impresszum"}]},{"@type":"WebSite","@id":"https:\/\/csaszardorka.hu\/#website","url":"https:\/\/csaszardorka.hu\/","name":"Cs\u00e1sz\u00e1r D\u00f3ra","description":"Ipari konyh\u00e1k \u00e9s bels\u0151\u00e9p\u00edt\u00e9szet komplex tervez\u00e9se","potentialAction":[{"@type":"SearchAction","target":{"@type":"EntryPoint","urlTemplate":"https:\/\/csaszardorka.hu\/?s={search_term_string}"},"query-input":{"@type":"PropertyValueSpecification","valueRequired":true,"valueName":"search_term_string"}}],"inLanguage":"en-GB"}]}},"_links":{"self":[{"href":"https:\/\/csaszardorka.hu\/en\/wp-json\/wp\/v2\/pages\/282","targetHints":{"allow":["GET"]}}],"collection":[{"href":"https:\/\/csaszardorka.hu\/en\/wp-json\/wp\/v2\/pages"}],"about":[{"href":"https:\/\/csaszardorka.hu\/en\/wp-json\/wp\/v2\/types\/page"}],"author":[{"embeddable":true,"href":"https:\/\/csaszardorka.hu\/en\/wp-json\/wp\/v2\/users\/1"}],"replies":[{"embeddable":true,"href":"https:\/\/csaszardorka.hu\/en\/wp-json\/wp\/v2\/comments?post=282"}],"version-history":[{"count":3,"href":"https:\/\/csaszardorka.hu\/en\/wp-json\/wp\/v2\/pages\/282\/revisions"}],"predecessor-version":[{"id":288,"href":"https:\/\/csaszardorka.hu\/en\/wp-json\/wp\/v2\/pages\/282\/revisions\/288"}],"wp:attachment":[{"href":"https:\/\/csaszardorka.hu\/en\/wp-json\/wp\/v2\/media?parent=282"}],"curies":[{"name":"wp","href":"https:\/\/api.w.org\/{rel}","templated":true}]}}